{"id":2447,"date":"2017-09-29T09:21:11","date_gmt":"2017-09-29T07:21:11","guid":{"rendered":"http:\/\/www.bc-training.be\/?page_id=2447"},"modified":"2017-09-29T09:23:32","modified_gmt":"2017-09-29T07:23:32","slug":"ernaehrung-coaching","status":"publish","type":"page","link":"https:\/\/www.bc-training.be\/de\/dienste\/coaching-personal\/ernaehrung-coaching\/","title":{"rendered":"Ern\u00e4hrung Coaching"},"content":{"rendered":"<p><strong>Seien Sie sich zun\u00e4chst dar\u00fcber bewusst, dass es sich bei dem NEWTRITION COACH-Programm nicht um eine Di\u00e4t, sondern um ein ERN\u00c4HRUNGSCOACHING-Konzept handelt, das auf einer 12-w\u00f6chigen Betreuung angelegt ist.<\/strong><\/p>\n<p>Diese Idee des Coachings unterst\u00fctzt eine Reihe von Anforderungen. Heutzutage m\u00fcssen Menschen motiviert, beachtet, beraten und ermutigt werden! Genau das ist der Punkt, an dem wir eingreifen!<\/p>\n<h3>Was bedeutet das konkret?<\/h3>\n<p>W\u00e4hrend des 1. Termins verabredet der Coach mit Ihnen die Ziele f\u00fcr 3 Monate (Gewichtsabnahme, Gewichtszunahme oder Aufrechterhaltung des Gewichts). Der Coach kodiert alle Ihre Daten in der App (Geschlecht, Alter, berufliche T\u00e4tigkeit, sportliche Bet\u00e4tigung und diverse weitere Informationen).<\/p>\n<p>Die App berechnet daraufhin die t\u00e4glich zu sich zu nehmende Kalorienmenge mit der richtigen Aufteilung zwischen Proteinen, Kohlenhydraten und Lipiden. Anschlie\u00dfend erstellt der Coach mit Ihnen das Wochenmen\u00fc unter Ber\u00fccksichtigung Ihrer Vorlieben und Gewohnheiten.<\/p>\n<h3>Jede Woche ein Termin?<\/h3>\n<p>Die Betreuung findet 12 Wochen lang jede Woche statt. Bei jedem Termin geben Sie dem Coach Ihre Einsch\u00e4tzung und dann wird ein neuer Speiseplan f\u00fcr die folgende Woche abgestimmt. Die Tatsache, dass Sie jede Woche gecoacht werden, ist ein nicht zu untersch\u00e4tzender Vorteil. Sie werden Ihre Ern\u00e4hrungsplan dadurch leichter einhalten und sich genauso gut unterst\u00fctzt f\u00fchlen wie bei monatlichen Terminen!<\/p>\n<p>Bei jedem Termin starten Sie erneut mit Ihrem Speiseplan, Ihrer Einkaufsliste, Ihrer Betreuung sowie diversen Informationen zur Ern\u00e4hrungsschulung. All dies wird Ihnen auch noch einmal per E-Mail zugesendet.<\/p>\n<h3>Sich anpassen und dem Misserfolg vorgreifen!<\/h3>\n<p><img loading=\"lazy\" class=\"alignright size-full wp-image-353\" src=\"http:\/\/www.bc-training.be\/wp-content\/uploads\/2016\/11\/newtrition.jpg\" alt=\"\" width=\"150\" height=\"150\" srcset=\"https:\/\/www.bc-training.be\/wp-content\/uploads\/2016\/11\/newtrition.jpg 150w, https:\/\/www.bc-training.be\/wp-content\/uploads\/2016\/11\/newtrition-68x68.jpg 68w\" sizes=\"(max-width: 150px) 100vw, 150px\" \/>Unser Programm passt sich den famili\u00e4ren und beruflichen Verpflichtungen an, um etwaige Spannungen einzugrenzen; ein wichtiger und positiver Punkt, um die Ziele zu erreichen! Die Strategie, Ihnen einen Ern\u00e4hrungsplan zu geben, den Sie aufgrund beruflicher, famili\u00e4rer oder anderer Gr\u00fcnde nicht befolgen k\u00f6nnen, ist n\u00e4mlich auf der ganzen Linie zum Scheitern verurteilt! Haben Sie es satt, immer Hunger zu haben und geschmacklose Dinge zu essen?<\/p>\n<p>Bei NEWTRITION COACH handelt es sich nicht um eine extrem proteinhaltige Di\u00e4t oder irgendeine andere Di\u00e4t, die kurzfristig angelegt ist! Unsere Speispl\u00e4ne sind keineswegs kalorienarm. Sie essen alles und werden sich alles g\u00f6nnen k\u00f6nnen; das schlechte Laune erzeugende Hungergef\u00fchl ist vorbei! Unser Ziel ist es, eine ern\u00e4hrungstechnische Umschulung zu erarbeiten und st\u00fctzen uns auf eine langfristig ausgelegte Ver\u00e4nderung. Sie werden in 12 Wochen in Form sein und im weiteren Verlauf nicht mehr zunehmen!<\/p>\n<p>Wenn Sie zufrieden sind, dann werden Sie unser bester F\u00fcrsprecher sein!<\/p>\n","protected":false},"excerpt":{"rendered":"<p>Seien Sie sich zun\u00e4chst dar\u00fcber bewusst, dass es sich bei dem NEWTRITION COACH-Programm nicht um eine Di\u00e4t, sondern um ein ERN\u00c4HRUNGSCOACHING-Konzept handelt, das auf einer 12-w\u00f6chigen [&hellip;]<\/p>\n","protected":false},"author":1,"featured_media":79,"parent":384,"menu_order":0,"comment_status":"closed","ping_status":"closed","template":"","meta":[],"_links":{"self":[{"href":"https:\/\/www.bc-training.be\/de\/wp-json\/wp\/v2\/pages\/2447\/"}],"collection":[{"href":"https:\/\/www.bc-training.be\/de\/wp-json\/wp\/v2\/pages\/"}],"about":[{"href":"https:\/\/www.bc-training.be\/de\/wp-json\/wp\/v2\/types\/page\/"}],"author":[{"embeddable":true,"href":"https:\/\/www.bc-training.be\/de\/wp-json\/wp\/v2\/users\/1\/"}],"replies":[{"embeddable":true,"href":"https:\/\/www.bc-training.be\/de\/wp-json\/wp\/v2\/comments\/?post=2447"}],"version-history":[{"count":2,"href":"https:\/\/www.bc-training.be\/de\/wp-json\/wp\/v2\/pages\/2447\/revisions\/"}],"predecessor-version":[{"id":2449,"href":"https:\/\/www.bc-training.be\/de\/wp-json\/wp\/v2\/pages\/2447\/revisions\/2449\/"}],"up":[{"embeddable":true,"href":"https:\/\/www.bc-training.be\/de\/wp-json\/wp\/v2\/pages\/384\/"}],"wp:featuredmedia":[{"embeddable":true,"href":"https:\/\/www.bc-training.be\/de\/wp-json\/wp\/v2\/media\/79\/"}],"wp:attachment":[{"href":"https:\/\/www.bc-training.be\/de\/wp-json\/wp\/v2\/media\/?parent=2447"}],"curies":[{"name":"wp","href":"https:\/\/api.w.org\/{rel}","templated":true}]}}