{"id":426,"date":"2016-11-07T09:29:31","date_gmt":"2016-11-07T08:29:31","guid":{"rendered":"http:\/\/www.bc-training.be\/de\/dienste\/coaching-personnel\/sport-coaching\/studio-domicile\/"},"modified":"2016-11-22T13:48:21","modified_gmt":"2016-11-22T12:48:21","slug":"studio-hause","status":"publish","type":"page","link":"https:\/\/www.bc-training.be\/de\/dienste\/coaching-personal\/sport-coaching\/studio-hause\/","title":{"rendered":"Studio \/ zu Hause"},"content":{"rendered":"<h3>Coaching\u00a0zu Hause<\/h3>\n<p>Wir bieten Ihnen eine <strong>praktische L\u00f6sung<\/strong>, um Ihr Training ganz einfach in Ihre Freizeit und pers\u00f6nliche Wohlf\u00fchlzeit zu integrieren. Vielen Menschen fehlt ganz einfach die Zeit f\u00fcr regelm\u00e4\u00dfiges Training, aber mit Ihrem Personal Trainer entscheiden Sie selbst, wann und wo Sie Ihr Personal Training absolvieren.<\/p>\n<p>Wir brauchen lediglich einen Freiraum von 8 bis 10\u00a0m\u00b2 <strong>und bringen alle erforderliche Ausr\u00fcstung mit.<\/strong><\/p>\n<p>La seule chose dont nous avons besoin, c&#8217;est un espace de 8 \u00e0 10m\u00b2, <strong>nous venons avec notre mat\u00e9riel<\/strong>.<\/p>\n<h3>Coaching\u00a0im Studio<\/h3>\n<p><strong>Die meisten unserer Coachs k\u00f6nnen Sie auch in Privatstudios empfangen.<\/strong><\/p>\n<p>Das Training im Studio hat Vorteile gegen\u00fcber dem Training zu Hause:<\/p>\n<ul>\n<li>Sie m\u00f6chten mehr rauskommen, um etwas anderes zu sehen<\/li>\n<li>Das Studio liegt auf Ihrem Heimweg von der Arbeit<\/li>\n<li>Sie haben zu Hause nicht gen\u00fcgend Platz f\u00fcr das Training mit Ihrem Personal Trainer\u00a0\u2026<\/li>\n<\/ul>\n<div class=\"team\">\n        <div class=\"row\" id=\"post-106\">\n            <div class=\"col-lg-3 team-profile column\"><img width=\"450\" height=\"450\" src=\"https:\/\/www.bc-training.be\/wp-content\/uploads\/2016\/11\/IMG_7358-450x450.jpg\" class=\"attachment-trainer size-trainer wp-post-image\" alt=\"\" loading=\"lazy\" srcset=\"https:\/\/www.bc-training.be\/wp-content\/uploads\/2016\/11\/IMG_7358-450x450.jpg 450w, https:\/\/www.bc-training.be\/wp-content\/uploads\/2016\/11\/IMG_7358-150x150.jpg 150w, https:\/\/www.bc-training.be\/wp-content\/uploads\/2016\/11\/IMG_7358-68x68.jpg 68w\" sizes=\"(max-width: 450px) 100vw, 450px\" \/><\/div>\n            <div class=\"col-lg-9 team-bio column\">\n                    <h2>Studio BCT Lontzen<\/h2>\n                    <h4 class=\"distance\">Neutralstrasse 912 - 4710 Lontzen<\/h4>\n                    <p>Wir empfangen Sie in unserem Studio von Personal Training, das im INJOY Zentrum fitness gelegt ist. Mehr Entschuldigungen, um nicht ihre Ziele zu erreichen!<\/p>\n                    <p class=\"responsables\"><strong>Responsables<\/strong>  \/ <a href=\"https:\/\/www.bc-training.be\/personal-trainer\/bruno-beriot\/\">Bruno B\u00e9riot<\/a><\/p>\n            <\/div>\n        <\/div>\n       \n        <\/div>\n","protected":false},"excerpt":{"rendered":"<p>Coaching\u00a0zu Hause Wir bieten Ihnen eine praktische L\u00f6sung, um Ihr Training ganz einfach in Ihre Freizeit und pers\u00f6nliche Wohlf\u00fchlzeit zu integrieren. Vielen Menschen fehlt ganz einfach [&hellip;]<\/p>\n","protected":false},"author":1,"featured_media":0,"parent":405,"menu_order":0,"comment_status":"closed","ping_status":"closed","template":"","meta":[],"_links":{"self":[{"href":"https:\/\/www.bc-training.be\/de\/wp-json\/wp\/v2\/pages\/426\/"}],"collection":[{"href":"https:\/\/www.bc-training.be\/de\/wp-json\/wp\/v2\/pages\/"}],"about":[{"href":"https:\/\/www.bc-training.be\/de\/wp-json\/wp\/v2\/types\/page\/"}],"author":[{"embeddable":true,"href":"https:\/\/www.bc-training.be\/de\/wp-json\/wp\/v2\/users\/1\/"}],"replies":[{"embeddable":true,"href":"https:\/\/www.bc-training.be\/de\/wp-json\/wp\/v2\/comments\/?post=426"}],"version-history":[{"count":2,"href":"https:\/\/www.bc-training.be\/de\/wp-json\/wp\/v2\/pages\/426\/revisions\/"}],"predecessor-version":[{"id":428,"href":"https:\/\/www.bc-training.be\/de\/wp-json\/wp\/v2\/pages\/426\/revisions\/428\/"}],"up":[{"embeddable":true,"href":"https:\/\/www.bc-training.be\/de\/wp-json\/wp\/v2\/pages\/405\/"}],"wp:attachment":[{"href":"https:\/\/www.bc-training.be\/de\/wp-json\/wp\/v2\/media\/?parent=426"}],"curies":[{"name":"wp","href":"https:\/\/api.w.org\/{rel}","templated":true}]}}