{"id":432,"date":"2016-11-07T10:10:58","date_gmt":"2016-11-07T09:10:58","guid":{"rendered":"http:\/\/www.bc-training.be\/de\/dienste\/coaching-personnel\/sport-coaching\/nos-personal-trainers\/"},"modified":"2016-11-22T13:57:37","modified_gmt":"2016-11-22T12:57:37","slug":"die-personal-trainers","status":"publish","type":"page","link":"https:\/\/www.bc-training.be\/de\/dienste\/coaching-personal\/die-personal-trainers\/","title":{"rendered":"Die Personal Trainers"},"content":{"rendered":"<p><strong>Alle Personal Trainer kommen zu Ihnen nach Hause, und viele von ihnen verf\u00fcgen auch \u00fcber Privatstudios, um Sie zu empfangen. \u00a0<\/strong>Alle Personal Trainer verf\u00fcgen \u00fcber eine Umsatzsteuer-Identifikationsnummer und sind versichert. Ihr Vertrauen ist unser h\u00f6chstes Anliegen.<\/p>\n<p>Sie wollen Gipfel erst\u00fcrmen? Unser Team begleitet Sie! Unser gesamtes Team zeichnet sich durch seine Professionalit\u00e4t aus \u2013 wir nehmen unsere Arbeit und unsere Kunden ernst.<\/p>\n<p>Jeder unserer Personal Trainer wird von Body Concept Training ausgebildet und diplomiert.<\/p>\n","protected":false},"excerpt":{"rendered":"<p>Alle Personal Trainer kommen zu Ihnen nach Hause, und viele von ihnen verf\u00fcgen auch \u00fcber Privatstudios, um Sie zu empfangen. \u00a0Alle Personal Trainer verf\u00fcgen \u00fcber eine [&hellip;]<\/p>\n","protected":false},"author":1,"featured_media":0,"parent":384,"menu_order":0,"comment_status":"closed","ping_status":"closed","template":"","meta":[],"_links":{"self":[{"href":"https:\/\/www.bc-training.be\/de\/wp-json\/wp\/v2\/pages\/432\/"}],"collection":[{"href":"https:\/\/www.bc-training.be\/de\/wp-json\/wp\/v2\/pages\/"}],"about":[{"href":"https:\/\/www.bc-training.be\/de\/wp-json\/wp\/v2\/types\/page\/"}],"author":[{"embeddable":true,"href":"https:\/\/www.bc-training.be\/de\/wp-json\/wp\/v2\/users\/1\/"}],"replies":[{"embeddable":true,"href":"https:\/\/www.bc-training.be\/de\/wp-json\/wp\/v2\/comments\/?post=432"}],"version-history":[{"count":4,"href":"https:\/\/www.bc-training.be\/de\/wp-json\/wp\/v2\/pages\/432\/revisions\/"}],"predecessor-version":[{"id":446,"href":"https:\/\/www.bc-training.be\/de\/wp-json\/wp\/v2\/pages\/432\/revisions\/446\/"}],"up":[{"embeddable":true,"href":"https:\/\/www.bc-training.be\/de\/wp-json\/wp\/v2\/pages\/384\/"}],"wp:attachment":[{"href":"https:\/\/www.bc-training.be\/de\/wp-json\/wp\/v2\/media\/?parent=432"}],"curies":[{"name":"wp","href":"https:\/\/api.w.org\/{rel}","templated":true}]}}