{"id":451,"date":"2016-11-15T16:54:11","date_gmt":"2016-11-15T15:54:11","guid":{"rendered":"http:\/\/www.bc-training.be\/de\/dienste\/coaching-personnel\/sport-coaching\/questions-reponses\/"},"modified":"2017-09-29T09:37:18","modified_gmt":"2017-09-29T07:37:18","slug":"haeufig-gestellte-fragen","status":"publish","type":"page","link":"https:\/\/www.bc-training.be\/de\/dienste\/coaching-personal\/sport-coaching\/haeufig-gestellte-fragen\/","title":{"rendered":"H\u00e4ufig gestellte Fragen"},"content":{"rendered":"<h5>Ben\u00f6tige ich Ausr\u00fcstung, wenn ein Personal-Trainer zu mir nach Hause kommt?<\/h5>\n<p>Absolut nicht, der Personal-Trainer bringt seine Ausr\u00fcstung mit.<\/p>\n<h5>\u00dcber wieviel Platz muss ich f\u00fcr die Sitzungen bei mir zu Hause verf\u00fcgen?<\/h5>\n<p>Ungef\u00e4hr 10 m\u00b2.<\/p>\n<h5>Wieviel kostet es?<\/h5>\n<p>Das h\u00e4ngt vom Ort sowie von der Stundenanzahl ab, die Sie gew\u00e4hlt haben und die erforderlich ist, um Ihr Ziel zu erreichen. Ein unverbindliches Treffen mit dem Personal Trainer wird es Ihnen erm\u00f6glichen, zusammen die Vorgehensweise f\u00fcr die Erlangung Ihres Ziels zu bestimmen. Sie werden genau wissen, welche Methode Sie ausw\u00e4hlen sollten und die betreffenden Kosten erfahren. Z\u00f6gern Sie bitte nicht, Kontakt mit uns aufzunehmen. Wir beraten Sie gerne.<\/p>\n<h5>Ist der Erfolg garantiert?<\/h5>\n<p>Nochmal, alles h\u00e4ngt von der Zielsetzung ab. Wir garantieren Ihnen die Ergebnisse f\u00fcr die Gesundheit und die Kr\u00e4ftigung der Muskulatur. Was das D\u00fcnnerwerden betrifft, so sind wir nicht rund um die Uhr bei Ihnen, um sicherzustellen, dass der zusammen ausgearbeitete Aktionsplan eingehalten wird. Vergessen Sie bitte nicht, dass wir Personal Trainer und keine Magier sind, wir k\u00f6nnen keine Wunder vollbringen. Wir geben Ihnen die Mittel, um ihr Ziel zu erreichen. Wenn Sie diese nutzen, werden Sie die Ziellinie erreichen!<\/p>\n<h5>Wieviele Stunden ben\u00f6tige ich pro Woche?<\/h5>\n<p>In der Regel 2 x 1 Std. pro Woche, gem\u00e4\u00df Ihrer Zielsetzung. Sofern n\u00f6tig, werden wir gemeinsam zus\u00e4tzliche Fitness\u00fcbungen festlegen, die Sie alleine durchf\u00fchren k\u00f6nnen.<\/p>\n<h5>Darf ich das Personal-Training wahrnehmen, wenn ich R\u00fcckenprobleme habe?<\/h5>\n<p>Ja nat\u00fcrlich! Wir sind daf\u00fcr da, um die Aktivit\u00e4ten im Hinblick auf Ihre Bed\u00fcrfnisse und in Bezug auf Sie und Sie allein auszurichten!<\/p>\n<h5>Gibt es ein bestimmtes Alter, um das Personal-Training durchzuf\u00fchren?<\/h5>\n<p>Die Zielsetzungen unterscheiden sich von Alter zu Alter und das Personal-Training passt sich allen Unterschieden an! Die gegenw\u00e4rtig j\u00fcngste von uns gecoachte Person ist 8 und die \u00e4lteste 80 Jahre alt!<\/p>\n<h5>Ich bin nicht besonders sportlich, ist es trotzdem etwas f\u00fcr mich?<\/h5>\n<p>Unsere Antwort: ein gro\u00dfes JA! Das ist der Grund, warum Sie auf unserer Webseite nicht den Begriff Sport finden werden, sondern eher die Umschreibung der k\u00f6rperlichen Bet\u00e4tigung. F\u00fcr uns ist das Wort Sport gleichbedeutend mit Leistung und k\u00f6rperliche Bet\u00e4tigung gleichbedeutend mit Gesundheit, Fitness und Wohlbefinden.<\/p>\n<h5>Ist es m\u00f6glich, einen Personal Trainer f\u00fcr mehrere Personen gleichzeitig zu buchen?<\/h5>\n<p>Ja, kann man, aber man muss wissen, dass es sich dann nicht mehr um Personal-Training handelt. Sie werden dann das Recht auf eine professionelle Betreuung haben, mit dem Ziel sich sicher zu bewegen und dabei Spa\u00df zu haben! In der Tat ist die k\u00f6rperliche Verfassung die Grundlage der Fitness\u00fcbungen. Sie ist f\u00fcr jeden von uns anders und aus eben diesem Grund ist es nicht m\u00f6glich, eine genaue Zielsetzung mit einer Gruppe oder sogar zwei zu verfolgen. Demgegen\u00fcber kann man sich sehr gut mit mehreren bewegen, einfach nur, um fit zu bleiben.<\/p>\n<h5>Kann ich meinen Personal Trainer selbst ausw\u00e4hlen?<\/h5>\n<p>Ja selbstverst\u00e4ndlich! Die einzige Sache, die dies erschweren kann, ist die Entfernung. W\u00e4hlen Sie den Personal Trainer in Abh\u00e4ngigkeit vom Ort, an dem Sie das Personal Training durchf\u00fchren m\u00f6chten.<\/p>\n","protected":false},"excerpt":{"rendered":"<p>Ben\u00f6tige ich Ausr\u00fcstung, wenn ein Personal-Trainer zu mir nach Hause kommt? Absolut nicht, der Personal-Trainer bringt seine Ausr\u00fcstung mit. \u00dcber wieviel Platz muss ich f\u00fcr die [&hellip;]<\/p>\n","protected":false},"author":1,"featured_media":0,"parent":405,"menu_order":0,"comment_status":"closed","ping_status":"closed","template":"","meta":[],"_links":{"self":[{"href":"https:\/\/www.bc-training.be\/de\/wp-json\/wp\/v2\/pages\/451\/"}],"collection":[{"href":"https:\/\/www.bc-training.be\/de\/wp-json\/wp\/v2\/pages\/"}],"about":[{"href":"https:\/\/www.bc-training.be\/de\/wp-json\/wp\/v2\/types\/page\/"}],"author":[{"embeddable":true,"href":"https:\/\/www.bc-training.be\/de\/wp-json\/wp\/v2\/users\/1\/"}],"replies":[{"embeddable":true,"href":"https:\/\/www.bc-training.be\/de\/wp-json\/wp\/v2\/comments\/?post=451"}],"version-history":[{"count":3,"href":"https:\/\/www.bc-training.be\/de\/wp-json\/wp\/v2\/pages\/451\/revisions\/"}],"predecessor-version":[{"id":2456,"href":"https:\/\/www.bc-training.be\/de\/wp-json\/wp\/v2\/pages\/451\/revisions\/2456\/"}],"up":[{"embeddable":true,"href":"https:\/\/www.bc-training.be\/de\/wp-json\/wp\/v2\/pages\/405\/"}],"wp:attachment":[{"href":"https:\/\/www.bc-training.be\/de\/wp-json\/wp\/v2\/media\/?parent=451"}],"curies":[{"name":"wp","href":"https:\/\/api.w.org\/{rel}","templated":true}]}}