{"id":477,"date":"2016-11-04T15:19:19","date_gmt":"2016-11-04T14:19:19","guid":{"rendered":"http:\/\/www.bc-training.be\/de\/dienste\/coaching-im-unternehmen\/team-building\/"},"modified":"2016-11-22T14:26:38","modified_gmt":"2016-11-22T13:26:38","slug":"team-building","status":"publish","type":"page","link":"https:\/\/www.bc-training.be\/de\/dienste\/coaching-im-unternehmen\/team-building\/","title":{"rendered":"Team building"},"content":{"rendered":"<p><strong><img loading=\"lazy\" class=\"size-full wp-image-194 alignright\" src=\"http:\/\/www.bc-training.be\/wp-content\/uploads\/2016\/11\/ph_bouger.jpg\" alt=\"ph_bouger\" width=\"150\" height=\"150\" srcset=\"https:\/\/www.bc-training.be\/wp-content\/uploads\/2016\/11\/ph_bouger.jpg 150w, https:\/\/www.bc-training.be\/wp-content\/uploads\/2016\/11\/ph_bouger-68x68.jpg 68w\" sizes=\"(max-width: 150px) 100vw, 150px\" \/>Kopf, Beine, Herz!\u00a0Denken, handeln, f\u00fchlen!\u00a0\u2028Jeder dieser Begriffe ist grundlegend f\u00fcr die Produktivit\u00e4t Ihres Unternehmens und Ihrer Mitarbeiter. <\/strong><\/p>\n<p>Sie sind auf der Suche nach einem originellen Teambuilding-Event inklusive (machbarer) Herausforderungen, Kommunikation und Teamgeist? Wir bieten Ihnen Teambuilding-Seminare in der Region von Spa in einem au\u00dfergew\u00f6hnlichen Rahmen mit internationalem Ruf.<\/p>\n<p><strong>Hier sind Sie richtig!<\/strong><\/p>\n<h3>Spielerische sportliche Aktivit\u00e4t<\/h3>\n<p><img loading=\"lazy\" class=\"size-full wp-image-195 alignright\" src=\"http:\/\/www.bc-training.be\/wp-content\/uploads\/2016\/11\/ph_teambuilding.jpg\" alt=\"ph_teambuilding\" width=\"150\" height=\"150\" srcset=\"https:\/\/www.bc-training.be\/wp-content\/uploads\/2016\/11\/ph_teambuilding.jpg 150w, https:\/\/www.bc-training.be\/wp-content\/uploads\/2016\/11\/ph_teambuilding-68x68.jpg 68w\" sizes=\"(max-width: 150px) 100vw, 150px\" \/>Der ideale Abschluss f\u00fcr Fortbildungen und \u00e4hnliche Veranstaltungen sind spielerische k\u00f6rperliche Aktivit\u00e4ten. Je nach Ihren Bed\u00fcrfnissen organisieren wir solche Aktivit\u00e4ten nachmittags oder morgens.\u00a0In entspannter Atmosph\u00e4re erleben und erlernen Ihre Mitarbeiter Neues, Kommunikation, Reaktionen, Fantasie, Interpretation, gemeinsame Aktion und das erfolgreiche Bestehen einer Herausforderung!<\/p>\n<p><strong>Aktivit\u00e4ten im Freien werden meistens nachmittags durchgef\u00fchrt \u2013 oder wann Sie es w\u00fcnschen!<\/strong><\/p>\n<h3 class=\"orange\">Ma\u00dfgeschneiderter Service<\/h3>\n<ul>\n<li>Seminar- und Schulungsraum<\/li>\n<li>Empfang und Fr\u00fchst\u00fcck<\/li>\n<li>Auswahl zwischen Imbiss oder Mittagessen im Restaurant<\/li>\n<li>Alles kann, nichts muss!<\/li>\n<\/ul>\n<p>Selbst im Winter k\u00f6nnen wir in den W\u00e4ldern um Spa diverse Aktivit\u00e4ten anbieten.<\/p>\n<p>Im Anschluss an die erfolgreiche Bew\u00e4ltigung einer k\u00f6rperlich etwas anstrengenden Herausforderung werden Sie entdecken, was unser Konzept so besonders macht.<\/p>\n<p>Wir laden Sie ein, den Tag nach Belieben in der wundersch\u00f6nen Anlage der Thermes de Spa ausklingen zu lassen. Genie\u00dfen Sie spielerischen Thermoludismus, Saunas, Dampfb\u00e4der, Whirlpools, \u2026 selbstverst\u00e4ndlich nur, wenn Sie wollen!<\/p>\n","protected":false},"excerpt":{"rendered":"<p>Kopf, Beine, Herz!\u00a0Denken, handeln, f\u00fchlen!\u00a0\u2028Jeder dieser Begriffe ist grundlegend f\u00fcr die Produktivit\u00e4t Ihres Unternehmens und Ihrer Mitarbeiter. Sie sind auf der Suche nach einem originellen Teambuilding-Event [&hellip;]<\/p>\n","protected":false},"author":1,"featured_media":0,"parent":392,"menu_order":0,"comment_status":"closed","ping_status":"closed","template":"","meta":[],"_links":{"self":[{"href":"https:\/\/www.bc-training.be\/de\/wp-json\/wp\/v2\/pages\/477\/"}],"collection":[{"href":"https:\/\/www.bc-training.be\/de\/wp-json\/wp\/v2\/pages\/"}],"about":[{"href":"https:\/\/www.bc-training.be\/de\/wp-json\/wp\/v2\/types\/page\/"}],"author":[{"embeddable":true,"href":"https:\/\/www.bc-training.be\/de\/wp-json\/wp\/v2\/users\/1\/"}],"replies":[{"embeddable":true,"href":"https:\/\/www.bc-training.be\/de\/wp-json\/wp\/v2\/comments\/?post=477"}],"version-history":[{"count":2,"href":"https:\/\/www.bc-training.be\/de\/wp-json\/wp\/v2\/pages\/477\/revisions\/"}],"predecessor-version":[{"id":479,"href":"https:\/\/www.bc-training.be\/de\/wp-json\/wp\/v2\/pages\/477\/revisions\/479\/"}],"up":[{"embeddable":true,"href":"https:\/\/www.bc-training.be\/de\/wp-json\/wp\/v2\/pages\/392\/"}],"wp:attachment":[{"href":"https:\/\/www.bc-training.be\/de\/wp-json\/wp\/v2\/media\/?parent=477"}],"curies":[{"name":"wp","href":"https:\/\/api.w.org\/{rel}","templated":true}]}}