{"id":482,"date":"2016-11-04T15:19:42","date_gmt":"2016-11-04T14:19:42","guid":{"rendered":"http:\/\/www.bc-training.be\/de\/dienste\/coaching-im-unternehmen\/bougez-en-entreprise\/"},"modified":"2016-11-22T14:29:22","modified_gmt":"2016-11-22T13:29:22","slug":"bringen-sie-bewegung","status":"publish","type":"page","link":"https:\/\/www.bc-training.be\/de\/dienste\/coaching-im-unternehmen\/bringen-sie-bewegung\/","title":{"rendered":"Bringen Sie Bewegung"},"content":{"rendered":"<p><strong>Ihre Mitarbeiter sind das Spiegelbild Ihres Unternehmens! \u00a0Es gibt viele gute Gr\u00fcnde f\u00fcr ein Sportangebot in Unternehmen, unter anderem:<\/strong><\/p>\n<h3 class=\"orange\">F\u00e4higkeiten st\u00e4rken<\/h3>\n<div class=\"img-cadre-right\">In Kanada durchgef\u00fchrte Studien belegen, dass Sport zu gesteigerter Produktivit\u00e4t, besserer Teamarbeit und mehr Disziplin und damit zu einer deutlichen Senkung der Arbeitsausf\u00e4lle f\u00fchrt.<\/div>\n<h3 class=\"orange\">Beziehungen festigen<\/h3>\n<p>Sport f\u00f6rdert das Zusammengeh\u00f6rigkeitsgef\u00fchl unter Kollegen und die Kommunikation zwischen den Mitarbeitern ebenso wie zwischen Mitarbeitern und Vorgesetzten.<\/p>\n<p class=\"tags\">Die Fitness Ihrer Mitarbeiter ist die <span class=\"orange\">Gesundheit Ihres Unternehmens<\/span>!<\/p>\n<h3>Vorteile des Sports<\/h3>\n<ul>\n<li>Pers\u00f6nliche Zufriedenheit durch Erreichen selbst gesteckter Ziele<\/li>\n<li>F\u00f6rderung von Konzentration, Motivation und Entschlossenheit<\/li>\n<li>Besseres Meistern professioneller Herausforderungen<\/li>\n<li>Das beste verf\u00fcgbare und 100\u00a0% nat\u00fcrliche Antidepressivum<\/li>\n<li>Vermindert Stress<\/li>\n<li>H\u00e4lt fit<\/li>\n<\/ul>\n<p>K\u00f6rperliche Aktivit\u00e4t ist ideal zur St\u00e4rkung Ihres Teams! Gerne entwickeln wir mit Ihnen zusammen ein ma\u00dfgeschneidertes Angebot gem\u00e4\u00df Ihren Bed\u00fcrfnissen und W\u00fcnschen. Und keine Sorge \u2013 es sind keine gro\u00dfen Investitionen in Ger\u00e4te erforderlich!<\/p>\n","protected":false},"excerpt":{"rendered":"<p>Ihre Mitarbeiter sind das Spiegelbild Ihres Unternehmens! \u00a0Es gibt viele gute Gr\u00fcnde f\u00fcr ein Sportangebot in Unternehmen, unter anderem: F\u00e4higkeiten st\u00e4rken In Kanada durchgef\u00fchrte Studien belegen, [&hellip;]<\/p>\n","protected":false},"author":1,"featured_media":0,"parent":392,"menu_order":0,"comment_status":"closed","ping_status":"closed","template":"","meta":[],"_links":{"self":[{"href":"https:\/\/www.bc-training.be\/de\/wp-json\/wp\/v2\/pages\/482\/"}],"collection":[{"href":"https:\/\/www.bc-training.be\/de\/wp-json\/wp\/v2\/pages\/"}],"about":[{"href":"https:\/\/www.bc-training.be\/de\/wp-json\/wp\/v2\/types\/page\/"}],"author":[{"embeddable":true,"href":"https:\/\/www.bc-training.be\/de\/wp-json\/wp\/v2\/users\/1\/"}],"replies":[{"embeddable":true,"href":"https:\/\/www.bc-training.be\/de\/wp-json\/wp\/v2\/comments\/?post=482"}],"version-history":[{"count":2,"href":"https:\/\/www.bc-training.be\/de\/wp-json\/wp\/v2\/pages\/482\/revisions\/"}],"predecessor-version":[{"id":484,"href":"https:\/\/www.bc-training.be\/de\/wp-json\/wp\/v2\/pages\/482\/revisions\/484\/"}],"up":[{"embeddable":true,"href":"https:\/\/www.bc-training.be\/de\/wp-json\/wp\/v2\/pages\/392\/"}],"wp:attachment":[{"href":"https:\/\/www.bc-training.be\/de\/wp-json\/wp\/v2\/media\/?parent=482"}],"curies":[{"name":"wp","href":"https:\/\/api.w.org\/{rel}","templated":true}]}}