{"id":648,"date":"2016-11-28T12:40:39","date_gmt":"2016-11-28T11:40:39","guid":{"rendered":"http:\/\/www.bc-training.be\/de\/?page_id=648"},"modified":"2016-11-28T12:40:39","modified_gmt":"2016-11-28T11:40:39","slug":"unsere-philosophie","status":"publish","type":"page","link":"https:\/\/www.bc-training.be\/de\/uber-uns\/unsere-philosophie\/","title":{"rendered":"Unsere Philosophie"},"content":{"rendered":"<p><strong><img loading=\"lazy\" class=\"size-full wp-image-314 alignright\" src=\"http:\/\/www.bc-training.be\/wp-content\/uploads\/2016\/11\/philosophie.jpg\" alt=\"philosophie\" width=\"150\" height=\"170\" \/>Zuh\u00f6ren, Vertrauen, Engagement, Wegbegleitung, Motivation, Erfolg. Entwickeln Sie Ihr Potenzial f\u00fcr ein besseres Leben, mehr Selbstvertrauen und ein st\u00e4rkeres Selbstwertgef\u00fchl.<\/strong><\/p>\n<p>Verzicht, Einschr\u00e4nkungen, Zwang\u2026 diese Begriffe spielen bei unserem Fitness- und Aktivierungskonzept keine Rolle, da sie je nach Fall unterschiedlich ausgepr\u00e4gtes k\u00f6rperliches, physiologisches oder psychologisches Leid bedeuten.<\/p>\n<p>Unserer \u00dcberzeugung nach ist Lebensqualit\u00e4t aber nur im Einklang mit pers\u00f6nlichem Wohlbefinden zu erreichen.<\/p>\n<p class=\"tags\">Unsere Devise: <span class=\"orange\">Wir arbeiten f\u00fcr Sie und mit Ihnen!<\/span><\/p>\n<h3>Ihre Bed\u00fcrfnisse z\u00e4hlen<\/h3>\n<p>Das k\u00f6rperliche Erscheinungsbild l\u00e4sst sich durch einen individuellen, an <strong>Ihre Bed\u00fcrfnisse angepassten<\/strong> Trainingsplan ver\u00e4ndern, wobei aber immer die Grenzen Ihres Typs und Ihrer Gesundheit respektiert werden.<\/p>\n<p>Wir wollen Ihnen helfen, Ihr Ziel zu erreichen, wobei<strong> Ihre Gesundheit immer oberste Priorit\u00e4t hat<\/strong>.<\/p>\n<p class=\"tags\">Besser leben lernen \u2013 <span class=\"orange\">mit Ihrem K\u00f6rper, nicht gegen ihn! <\/span><\/p>\n","protected":false},"excerpt":{"rendered":"<p>Zuh\u00f6ren, Vertrauen, Engagement, Wegbegleitung, Motivation, Erfolg. Entwickeln Sie Ihr Potenzial f\u00fcr ein besseres Leben, mehr Selbstvertrauen und ein st\u00e4rkeres Selbstwertgef\u00fchl. Verzicht, Einschr\u00e4nkungen, Zwang\u2026 diese Begriffe spielen [&hellip;]<\/p>\n","protected":false},"author":1,"featured_media":0,"parent":496,"menu_order":0,"comment_status":"closed","ping_status":"closed","template":"","meta":[],"_links":{"self":[{"href":"https:\/\/www.bc-training.be\/de\/wp-json\/wp\/v2\/pages\/648\/"}],"collection":[{"href":"https:\/\/www.bc-training.be\/de\/wp-json\/wp\/v2\/pages\/"}],"about":[{"href":"https:\/\/www.bc-training.be\/de\/wp-json\/wp\/v2\/types\/page\/"}],"author":[{"embeddable":true,"href":"https:\/\/www.bc-training.be\/de\/wp-json\/wp\/v2\/users\/1\/"}],"replies":[{"embeddable":true,"href":"https:\/\/www.bc-training.be\/de\/wp-json\/wp\/v2\/comments\/?post=648"}],"version-history":[{"count":1,"href":"https:\/\/www.bc-training.be\/de\/wp-json\/wp\/v2\/pages\/648\/revisions\/"}],"predecessor-version":[{"id":649,"href":"https:\/\/www.bc-training.be\/de\/wp-json\/wp\/v2\/pages\/648\/revisions\/649\/"}],"up":[{"embeddable":true,"href":"https:\/\/www.bc-training.be\/de\/wp-json\/wp\/v2\/pages\/496\/"}],"wp:attachment":[{"href":"https:\/\/www.bc-training.be\/de\/wp-json\/wp\/v2\/media\/?parent=648"}],"curies":[{"name":"wp","href":"https:\/\/api.w.org\/{rel}","templated":true}]}}