{"id":491,"date":"2016-11-04T15:21:28","date_gmt":"2016-11-04T14:21:28","guid":{"rendered":"http:\/\/www.bc-training.be\/en\/services\/espace-professionnel\/le-reseau-bct\/"},"modified":"2023-09-24T12:02:32","modified_gmt":"2023-09-24T10:02:32","slug":"le-reseau-bct","status":"publish","type":"page","link":"https:\/\/www.bc-training.be\/en\/services\/for-professionals\/le-reseau-bct\/","title":{"rendered":"Le r\u00e9seau BCT"},"content":{"rendered":"<p><strong>Body Concept Training, le 1<sup>er<\/sup>r\u00e9seau de Personal Trainers et coachs sportifs en Europe francophone<\/strong><\/p>\n<p><strong>Nos valeurs\u00a0: ce film de 2&#8242; les r\u00e9sument tr\u00e8s bien <a href=\"https:\/\/www.youtube.com\/watch?v=kUYy6lFVCRE&amp;t=\">(voir la vid\u00e9o)<\/a><\/strong><br \/>\nNe pas s\u2019enrichir au prorata des heures de coaching que vous faites.<br \/>\nEn effet, nous ne prenons aucun pourcentage sur vos s\u00e9ances de Personal Training.<br \/>\nVotre investissement est l\u2019\u00e9quivalent de 4h30 de coaching \/ mois.<\/p>\n<p><strong>Comment nous allons vous aider ?\u00a0<\/strong><strong><a href=\"https:\/\/www.youtube.com\/watch?v=_nM2QEYj5UA&amp;t=12s\">(\u00c0 d\u00e9couvrir aussi en vid\u00e9o)<\/a><\/strong><\/p>\n<ul>\n<li>Vous\u00a0b\u00e9n\u00e9ficiez de la notori\u00e9t\u00e9 de la marque<\/li>\n<li>Du savoir-faire commercial<\/li>\n<li>D\u2019une assistance personnalis\u00e9e 24h \/ 24h<\/li>\n<li>D&#8217;une Apps exclusive Body Concept Training qui vous permet de tout g\u00e9rer \u00e0 partir de l\u00e0, agenda, rdv, s\u00e9ance, facturation, vid\u00e9o-conf\u00e9rence,&#8230;<\/li>\n<li>D\u2019un concept cl\u00e9 en main dont les tenants et aboutissants vous sont transmis dans les moindres d\u00e9tails<\/li>\n<li>D\u2019une formation initiale et continue \u00e9galement dispens\u00e9e vous permettant d&#8217;acqu\u00e9rir toutes les comp\u00e9tences et le savoir-faire sp\u00e9cifique de l&#8217;enseigne, afin de dupliquer son succ\u00e8s<\/li>\n<li>L&#8217;\u00e9quipe de d\u00e9veloppement strat\u00e9gique vous apporte \u00e9galement son soutien et est disponible pour r\u00e9pondre \u00e0 vos questions, qu&#8217;elles soient techniques, commerciales&#8230;<\/li>\n<li>Le Personal Trainer bien qu&#8217;ind\u00e9pendant juridiquement, est accompagn\u00e9 par le r\u00e9seau tout au long de la dur\u00e9e de vie de son contrat.<\/li>\n<li>Il peut \u00e9galement \u00e9changer des astuces et bonnes pratiques avec les autres collaborateurs de l&#8217;enseigne lors d&#8217;\u00e9v\u00e9nements comme la convention nationale ou les r\u00e9unions r\u00e9gionales, organis\u00e9s plusieurs fois par an.<\/li>\n<li>Devenir collaborateur\u00a0permet de d\u00e9marrer plus rapidement son activit\u00e9, de g\u00e9n\u00e9rer un chiffre d&#8217;affaires plus vite gr\u00e2ce \u00e0 une notori\u00e9t\u00e9 \u00e9tablie et reconnue et de s&#8217;appuyer sur les conseils de la t\u00eate de r\u00e9seau, qui accompagne l&#8217;entrepreneur.<\/li>\n<\/ul>\n<p><strong>Quelques chiffres :<\/strong><\/p>\n<ul id=\"chiffres\">\n<li><span class=\"chiffre\">20<\/span>\u00a0<strong>ann\u00e9es d&#8217;exp\u00e9rience<\/strong> sur le territoire belge<\/li>\n<li><span class=\"chiffre\">39<\/span>\u00a0<strong>personal trainers<\/strong> en <strong>Belgique<\/strong><\/li>\n<li><span class=\"chiffre\">26<\/span>\u00a0<strong>personal trainers<\/strong> en <strong>France<\/strong><\/li>\n<li><span class=\"chiffre\">5<\/span>\u00a0<strong>personal trainers<\/strong> en <strong>Luxembourg<\/strong><\/li>\n<li><span class=\"chiffre\">25<\/span>\u00a0<strong>studios<\/strong> de personal training<\/li>\n<li><span class=\"chiffre\">720<\/span> <strong>contrats de coaching<\/strong> l&#8217;ann\u00e9e<\/li>\n<li><span class=\"chiffre\">50<\/span>\u00a0<strong>\u00e9missions<\/strong>\u00a0de t\u00e9l\u00e9 et radio<\/li>\n<li><span class=\"chiffre\">6<\/span> <strong>services :<\/strong>\u00a0Personal training, Pilates, Team building, Small Group Training, Bootcamp, entreprise<\/li>\n<\/ul>\n<p><a class=\"btn btn-primary theme-btn btn-sm\" href=\"http:\/\/www.bc-training.be\/services\/espace-professionnel\/le-reseau-bct\/le-concept\/\">D\u00e9couvrez le concept\u00a0Body Concept Training<\/a><\/p>\n","protected":false},"excerpt":{"rendered":"<p>Body Concept Training, le 1err\u00e9seau de Personal Trainers et coachs sportifs en Europe francophone Nos valeurs\u00a0: ce film de 2&#8242; les r\u00e9sument tr\u00e8s bien (voir la [&hellip;]<\/p>\n","protected":false},"author":1,"featured_media":10061,"parent":396,"menu_order":0,"comment_status":"closed","ping_status":"closed","template":"","meta":[],"_links":{"self":[{"href":"https:\/\/www.bc-training.be\/en\/wp-json\/wp\/v2\/pages\/491\/"}],"collection":[{"href":"https:\/\/www.bc-training.be\/en\/wp-json\/wp\/v2\/pages\/"}],"about":[{"href":"https:\/\/www.bc-training.be\/en\/wp-json\/wp\/v2\/types\/page\/"}],"author":[{"embeddable":true,"href":"https:\/\/www.bc-training.be\/en\/wp-json\/wp\/v2\/users\/1\/"}],"replies":[{"embeddable":true,"href":"https:\/\/www.bc-training.be\/en\/wp-json\/wp\/v2\/comments\/?post=491"}],"version-history":[{"count":15,"href":"https:\/\/www.bc-training.be\/en\/wp-json\/wp\/v2\/pages\/491\/revisions\/"}],"predecessor-version":[{"id":26736,"href":"https:\/\/www.bc-training.be\/en\/wp-json\/wp\/v2\/pages\/491\/revisions\/26736\/"}],"up":[{"embeddable":true,"href":"https:\/\/www.bc-training.be\/en\/wp-json\/wp\/v2\/pages\/396\/"}],"wp:featuredmedia":[{"embeddable":true,"href":"https:\/\/www.bc-training.be\/en\/wp-json\/wp\/v2\/media\/10061\/"}],"wp:attachment":[{"href":"https:\/\/www.bc-training.be\/en\/wp-json\/wp\/v2\/media\/?parent=491"}],"curies":[{"name":"wp","href":"https:\/\/api.w.org\/{rel}","templated":true}]}}